{"id":15,"date":"2013-01-06T13:13:24","date_gmt":"2013-01-06T11:13:24","guid":{"rendered":"http:\/\/www.goltasltd.com\/?page_id=15"},"modified":"2014-01-07T23:10:41","modified_gmt":"2014-01-07T21:10:41","slug":"referanslar","status":"publish","type":"page","link":"http:\/\/www.goltasltd.com\/?page_id=15","title":{"rendered":"Referanslar"},"content":{"rendered":"<p><a title=\"Gemport Gemlik Liman ve Depolama \u0130\u015fletmeleri A.\u015e.\" href=\"http:\/\/www.goltasltd.com\/?p=59\"><img decoding=\"async\" loading=\"lazy\" class=\"aligncenter\" alt=\"20120810071651\" src=\"http:\/\/www.goltasltd.com\/wp-content\/uploads\/2013\/01\/20120810071651-300x119.jpg\" width=\"300\" height=\"119\" \/><\/a><\/p>\n<p style=\"text-align: center;\"><a title=\"GEMPORT\" href=\"http:\/\/www.goltasltd.com\/?p=59\">GEMPORT GEML\u0130K L\u0130MAN VE DEPOLAMA \u0130\u015eLETMELER\u0130 A.\u015e<\/a><\/p>\n<p><a title=\"Kumport Liman Hizmetleri ve Loj. San.Tic. A.\u015e.- 2012\" href=\"http:\/\/www.goltasltd.com\/?p=55\"><img decoding=\"async\" loading=\"lazy\" class=\"aligncenter\" alt=\"20120117134118\" src=\"http:\/\/www.goltasltd.com\/wp-content\/uploads\/2013\/01\/20120117134118-300x200.jpg\" width=\"300\" height=\"200\" \/><\/a><\/p>\n<p style=\"text-align: center;\"><a title=\"KUMPORT -2 \" href=\"http:\/\/www.goltasltd.com\/?p=55\">KUMPORT L\u0130MAN H\u0130ZMETLER\u0130 VE LOJ.SAN.T\u0130C. A.\u015e &#8211; 2<\/a><\/p>\n<p><a href=\"http:\/\/www.goltasltd.com\/?p=49\"><img decoding=\"async\" loading=\"lazy\" class=\"aligncenter\" alt=\"2012-03-03-153\" src=\"http:\/\/www.goltasltd.com\/wp-content\/uploads\/2013\/01\/2012-03-03-153-300x225.jpg\" width=\"300\" height=\"225\" \/><\/a><\/p>\n<p style=\"text-align: center;\"><a href=\"http:\/\/www.goltasltd.com\/?p=49\">\u0130STANBUL G\u00dcBRE SAN. A.\u015e (\u0130GSA\u015e) &#8211; 2<\/a><\/p>\n<p><a title=\"Marport Liman \u0130\u015fletmeleri A.\u015e.\" href=\"http:\/\/www.goltasltd.com\/?p=43\"><img decoding=\"async\" loading=\"lazy\" class=\"aligncenter\" alt=\"100_6895\" src=\"http:\/\/www.goltasltd.com\/wp-content\/uploads\/2013\/01\/100_6895-300x225.jpg\" width=\"300\" height=\"225\" \/><\/a><\/p>\n<p style=\"text-align: center;\"><a href=\"http:\/\/www.goltasltd.com\/?p=43\">MARPORT L\u0130MAN \u0130\u015eLETMELER\u0130 A.\u015e<\/a><\/p>\n<p>&nbsp;<\/p>\n<h1><img decoding=\"async\" loading=\"lazy\" class=\"aligncenter\" alt=\"IMAG0594\" src=\"http:\/\/www.goltasltd.com\/wp-content\/uploads\/2013\/01\/IMAG0594-300x169.jpg\" width=\"300\" height=\"169\" \/><\/h1>\n<p>&nbsp;<\/p>\n<p style=\"text-align: center;\"><a title=\"\u0130stanbul G\u00fcbre San. A.\u015e (\u0130GSA\u015e)\" href=\"http:\/\/www.goltasltd.com\/?p=40\">\u0130STANBUL G\u00dcBRE SAN. A.\u015e (\u0130GSA\u015e)<\/a><\/p>\n<p><img decoding=\"async\" loading=\"lazy\" class=\"aligncenter\" alt=\"20110209 06\" src=\"http:\/\/www.goltasltd.com\/wp-content\/uploads\/2013\/01\/20110209-06-300x225.jpg\" width=\"300\" height=\"225\" \/><\/p>\n<p>&nbsp;<\/p>\n<p style=\"text-align: center;\"><a title=\"Asyaport Liman \u0130\u015fletmeleri Tic. A.\u015e.\" href=\"http:\/\/www.goltasltd.com\/?p=34\">ASYAPORT L\u0130MAN \u0130\u015eLETMELER\u0130 T\u0130C. A.\u015e<\/a><\/p>\n<p style=\"text-align: center;\"><img decoding=\"async\" loading=\"lazy\" class=\"aligncenter size-medium wp-image-162\" alt=\"201108140834550\" src=\"http:\/\/www.goltasltd.com\/wp-content\/uploads\/2013\/01\/201108140834550-300x200.jpg\" width=\"300\" height=\"200\" srcset=\"http:\/\/www.goltasltd.com\/wp-content\/uploads\/2013\/01\/201108140834550-300x200.jpg 300w, http:\/\/www.goltasltd.com\/wp-content\/uploads\/2013\/01\/201108140834550-1024x682.jpg 1024w, http:\/\/www.goltasltd.com\/wp-content\/uploads\/2013\/01\/201108140834550-450x300.jpg 450w\" sizes=\"(max-width: 300px) 100vw, 300px\" \/><\/p>\n<p>&nbsp;<\/p>\n<p style=\"text-align: center;\"><a style=\"text-align: center;\" title=\"Kumport Liman Hizmetleri ve Loj. San.Tic. A.\u015e. \u2013 2011\" href=\"http:\/\/www.goltasltd.com\/?p=22\">KUMPORT L\u0130MAN H\u0130ZMETLER\u0130 VE LOJ.SAN.T\u0130C. A.\u015e.- 1<\/a><\/p>\n<p>&nbsp;<\/p>\n<p>&nbsp;<\/p>\n<h1 style=\"text-align: center;\"><\/h1>\n<p>&nbsp;<\/p>\n<p>&nbsp;<\/p>\n<p>&nbsp;<\/p>\n<p>&nbsp;<\/p>\n<p>&nbsp;<\/p>\n<p style=\"text-align: center;\"><a title=\"MARPORT\" href=\"http:\/\/www.goltasltd.com\/?p=43\">\u00a0<\/a><\/p>\n","protected":false},"excerpt":{"rendered":"<p>GEMPORT GEML\u0130K L\u0130MAN VE DEPOLAMA \u0130\u015eLETMELER\u0130 A.\u015e KUMPORT L\u0130MAN H\u0130ZMETLER\u0130 VE LOJ.SAN.T\u0130C. A.\u015e &#8211; 2 \u0130STANBUL G\u00dcBRE SAN. A.\u015e (\u0130GSA\u015e) &#8211; 2 MARPORT L\u0130MAN \u0130\u015eLETMELER\u0130 A.\u015e &nbsp; &nbsp; \u0130STANBUL G\u00dcBRE SAN. A.\u015e (\u0130GSA\u015e) &nbsp; ASYAPORT L\u0130MAN \u0130\u015eLETMELER\u0130 T\u0130C. A.\u015e &nbsp; &hellip; <a href=\"http:\/\/www.goltasltd.com\/?page_id=15\">Okumaya devam et <span class=\"meta-nav\">&rarr;<\/span><\/a><\/p>\n","protected":false},"author":1,"featured_media":83,"parent":0,"menu_order":2,"comment_status":"closed","ping_status":"closed","template":"","meta":[],"_links":{"self":[{"href":"http:\/\/www.goltasltd.com\/index.php?rest_route=\/wp\/v2\/pages\/15"}],"collection":[{"href":"http:\/\/www.goltasltd.com\/index.php?rest_route=\/wp\/v2\/pages"}],"about":[{"href":"http:\/\/www.goltasltd.com\/index.php?rest_route=\/wp\/v2\/types\/page"}],"author":[{"embeddable":true,"href":"http:\/\/www.goltasltd.com\/index.php?rest_route=\/wp\/v2\/users\/1"}],"replies":[{"embeddable":true,"href":"http:\/\/www.goltasltd.com\/index.php?rest_route=%2Fwp%2Fv2%2Fcomments&post=15"}],"version-history":[{"count":47,"href":"http:\/\/www.goltasltd.com\/index.php?rest_route=\/wp\/v2\/pages\/15\/revisions"}],"predecessor-version":[{"id":311,"href":"http:\/\/www.goltasltd.com\/index.php?rest_route=\/wp\/v2\/pages\/15\/revisions\/311"}],"wp:featuredmedia":[{"embeddable":true,"href":"http:\/\/www.goltasltd.com\/index.php?rest_route=\/wp\/v2\/media\/83"}],"wp:attachment":[{"href":"http:\/\/www.goltasltd.com\/index.php?rest_route=%2Fwp%2Fv2%2Fmedia&parent=15"}],"curies":[{"name":"wp","href":"https:\/\/api.w.org\/{rel}","templated":true}]}}