{"id":6,"date":"2013-01-06T00:00:05","date_gmt":"2013-01-05T22:00:05","guid":{"rendered":"http:\/\/www.goltasltd.com\/?page_id=6"},"modified":"2023-06-06T14:56:20","modified_gmt":"2023-06-06T11:56:20","slug":"anasayfa","status":"publish","type":"page","link":"http:\/\/www.goltasltd.com\/","title":{"rendered":""},"content":{"rendered":"\n<h1 class=\"wp-block-heading has-text-align-center\"><em>Firmam\u0131z 2011 y\u0131l\u0131ndan itibaren deniz yap\u0131lar\u0131 konusunda \u00e7e\u015fitli projelerde&nbsp;faaliyet&nbsp;g\u00f6stermektedir.<\/em><\/h1>\n\n\n\n<p class=\"has-text-align-center\"><a href=\"http:\/\/www.goltasltd.com\/wp-content\/uploads\/2023\/06\/brosur23-2.pdf\" target=\"_blank\" rel=\"noopener\">Bro\u015f\u00fcr\u00fcm\u00fcz\u00fc buradan indirebilirsiniz&#8230;<\/a><\/p>\n\n\n\n<p><a href=\"http:\/\/www.goltasltd.com\/wp-content\/uploads\/2013\/03\/BRO%C5%9E%C3%9CR-2.pdf\">&nbsp;<\/a><\/p>\n\n\n\n<p><\/p>\n","protected":false},"excerpt":{"rendered":"<p>Firmam\u0131z 2011 y\u0131l\u0131ndan itibaren deniz yap\u0131lar\u0131 konusunda \u00e7e\u015fitli projelerde&nbsp;faaliyet&nbsp;g\u00f6stermektedir. Bro\u015f\u00fcr\u00fcm\u00fcz\u00fc buradan indirebilirsiniz&#8230; &nbsp;<\/p>\n","protected":false},"author":1,"featured_media":390,"parent":0,"menu_order":0,"comment_status":"closed","ping_status":"closed","template":"","meta":[],"_links":{"self":[{"href":"http:\/\/www.goltasltd.com\/index.php?rest_route=\/wp\/v2\/pages\/6"}],"collection":[{"href":"http:\/\/www.goltasltd.com\/index.php?rest_route=\/wp\/v2\/pages"}],"about":[{"href":"http:\/\/www.goltasltd.com\/index.php?rest_route=\/wp\/v2\/types\/page"}],"author":[{"embeddable":true,"href":"http:\/\/www.goltasltd.com\/index.php?rest_route=\/wp\/v2\/users\/1"}],"replies":[{"embeddable":true,"href":"http:\/\/www.goltasltd.com\/index.php?rest_route=%2Fwp%2Fv2%2Fcomments&post=6"}],"version-history":[{"count":26,"href":"http:\/\/www.goltasltd.com\/index.php?rest_route=\/wp\/v2\/pages\/6\/revisions"}],"predecessor-version":[{"id":395,"href":"http:\/\/www.goltasltd.com\/index.php?rest_route=\/wp\/v2\/pages\/6\/revisions\/395"}],"wp:featuredmedia":[{"embeddable":true,"href":"http:\/\/www.goltasltd.com\/index.php?rest_route=\/wp\/v2\/media\/390"}],"wp:attachment":[{"href":"http:\/\/www.goltasltd.com\/index.php?rest_route=%2Fwp%2Fv2%2Fmedia&parent=6"}],"curies":[{"name":"wp","href":"https:\/\/api.w.org\/{rel}","templated":true}]}}