{"id":78,"date":"2013-01-08T17:54:47","date_gmt":"2013-01-08T15:54:47","guid":{"rendered":"http:\/\/www.goltasltd.com\/?page_id=78"},"modified":"2013-01-08T17:54:47","modified_gmt":"2013-01-08T15:54:47","slug":"kalite-politikamiz","status":"publish","type":"page","link":"http:\/\/www.goltasltd.com\/?page_id=78","title":{"rendered":"Kalite Politikam\u0131z"},"content":{"rendered":"<p>G\u00f6lta\u015f \u0130n\u015faat Ltd. olarak; \u00a0kalite odakl\u0131, \u00e7evreye duyarl\u0131, geli\u015fmeye her zaman \u00a0a\u00e7\u0131k, s\u00fcrekli ve kaliteli hizmet vermek, hizmet sonras\u0131nda da m\u00fc\u015fteri memnuniyeti birincil \u00f6nceli\u011fimizdir.<br \/>\nBu amac\u0131m\u0131za y\u00f6nelik a\u015fa\u011f\u0131daki gereklilikleri ger\u00e7ekle\u015ftirmek firman\u0131n \u00f6nde gelen hedeflerindendir.<\/p>\n<ul>\n<li>Faaliyetlerimizin insan sa\u011fl\u0131\u011f\u0131na ve \u00e7evre \u00fczerindeki olumsuz etkilerini \u00f6nceden belirleyip tedbirleri almak ve gelebilecek tehlikeleri bertaraf etmek,<\/li>\n<li>Kalite ve \u00e7evre ile ilgili yeni geli\u015fmeleri takip ederek \u00e7al\u0131\u015fma alanlar\u0131m\u0131zda uygulanmas\u0131n\u0131 sa\u011flamak.<\/li>\n<li>Enerji kaynaklar\u0131n\u0131 ve do\u011fal kaynaklar\u0131 ekonomik ve verimli bir \u015fekilde kullanmak.<\/li>\n<li>T\u00fcm personelimizi sa\u011fl\u0131k ve \u00e7evrenin korunmas\u0131 konular\u0131nda bilin\u00e7lendirmek, gerekli ve yeterli e\u011fitimin verilmesini sa\u011flamak, \u00fclkemizdeki yasal mevzuata ve \u00fcyesi oldu\u011fumuz kurulu\u015flar\u0131n \u015fartlar\u0131na uymak.<\/li>\n<li>Kaza ve olaylar\u0131n tekrarlanmas\u0131n\u0131 \u00f6nlemek i\u00e7in s\u00fcrekli iyile\u015ftirme yapmak.<\/li>\n<li>Kazan\u0131lan tecr\u00fcbeleri sisteme aktarmak,<\/li>\n<li>\u0130lgili taraflar i\u00e7in politikam\u0131z\u0131n s\u00fcrekli ula\u015f\u0131labilir k\u0131lmak.<\/li>\n<\/ul>\n","protected":false},"excerpt":{"rendered":"<p>G\u00f6lta\u015f \u0130n\u015faat Ltd. olarak; \u00a0kalite odakl\u0131, \u00e7evreye duyarl\u0131, geli\u015fmeye her zaman \u00a0a\u00e7\u0131k, s\u00fcrekli ve kaliteli hizmet vermek, hizmet sonras\u0131nda da m\u00fc\u015fteri memnuniyeti birincil \u00f6nceli\u011fimizdir. Bu amac\u0131m\u0131za y\u00f6nelik a\u015fa\u011f\u0131daki gereklilikleri ger\u00e7ekle\u015ftirmek firman\u0131n \u00f6nde gelen hedeflerindendir. Faaliyetlerimizin insan sa\u011fl\u0131\u011f\u0131na ve \u00e7evre \u00fczerindeki &hellip; <a href=\"http:\/\/www.goltasltd.com\/?page_id=78\">Okumaya devam et <span class=\"meta-nav\">&rarr;<\/span><\/a><\/p>\n","protected":false},"author":1,"featured_media":0,"parent":0,"menu_order":0,"comment_status":"closed","ping_status":"closed","template":"","meta":[],"_links":{"self":[{"href":"http:\/\/www.goltasltd.com\/index.php?rest_route=\/wp\/v2\/pages\/78"}],"collection":[{"href":"http:\/\/www.goltasltd.com\/index.php?rest_route=\/wp\/v2\/pages"}],"about":[{"href":"http:\/\/www.goltasltd.com\/index.php?rest_route=\/wp\/v2\/types\/page"}],"author":[{"embeddable":true,"href":"http:\/\/www.goltasltd.com\/index.php?rest_route=\/wp\/v2\/users\/1"}],"replies":[{"embeddable":true,"href":"http:\/\/www.goltasltd.com\/index.php?rest_route=%2Fwp%2Fv2%2Fcomments&post=78"}],"version-history":[{"count":1,"href":"http:\/\/www.goltasltd.com\/index.php?rest_route=\/wp\/v2\/pages\/78\/revisions"}],"predecessor-version":[{"id":79,"href":"http:\/\/www.goltasltd.com\/index.php?rest_route=\/wp\/v2\/pages\/78\/revisions\/79"}],"wp:attachment":[{"href":"http:\/\/www.goltasltd.com\/index.php?rest_route=%2Fwp%2Fv2%2Fmedia&parent=78"}],"curies":[{"name":"wp","href":"https:\/\/api.w.org\/{rel}","templated":true}]}}