{"id":86,"date":"2013-01-08T18:31:19","date_gmt":"2013-01-08T16:31:19","guid":{"rendered":"http:\/\/www.goltasltd.com\/?page_id=86"},"modified":"2023-06-06T14:33:12","modified_gmt":"2023-06-06T11:33:12","slug":"firma-bilgileri","status":"publish","type":"page","link":"http:\/\/www.goltasltd.com\/?page_id=86","title":{"rendered":"Firma Bilgileri"},"content":{"rendered":"<h4><em>G\u00f6lta\u015f \u00a0\u0130n\u015faat Tekstil Makine ve Metal \u00a0Sanayi ve Ticaret Ltd.\u015eti.\u00a0 2010 y\u0131l\u0131ndan itibaren k\u0131y\u0131 yap\u0131lar\u0131 konusunda 35 y\u0131ll\u0131k tecr\u00fcbesiyle in\u015faat m\u00fchendisi Cevdet Bing\u00f6l\u2019\u00fcn genel koordinat\u00f6rl\u00fc\u011f\u00fcnde dan\u0131\u015fmanl\u0131k ve kontroll\u00fck hizmetleri vermektedir<\/em><\/h4>\n","protected":false},"excerpt":{"rendered":"<p>G\u00f6lta\u015f \u00a0\u0130n\u015faat Tekstil Makine ve Metal \u00a0Sanayi ve Ticaret Ltd.\u015eti.\u00a0 2010 y\u0131l\u0131ndan itibaren k\u0131y\u0131 yap\u0131lar\u0131 konusunda 35 y\u0131ll\u0131k tecr\u00fcbesiyle in\u015faat m\u00fchendisi Cevdet Bing\u00f6l\u2019\u00fcn genel koordinat\u00f6rl\u00fc\u011f\u00fcnde dan\u0131\u015fmanl\u0131k ve kontroll\u00fck hizmetleri vermektedir<\/p>\n","protected":false},"author":1,"featured_media":90,"parent":0,"menu_order":0,"comment_status":"closed","ping_status":"closed","template":"","meta":[],"_links":{"self":[{"href":"http:\/\/www.goltasltd.com\/index.php?rest_route=\/wp\/v2\/pages\/86"}],"collection":[{"href":"http:\/\/www.goltasltd.com\/index.php?rest_route=\/wp\/v2\/pages"}],"about":[{"href":"http:\/\/www.goltasltd.com\/index.php?rest_route=\/wp\/v2\/types\/page"}],"author":[{"embeddable":true,"href":"http:\/\/www.goltasltd.com\/index.php?rest_route=\/wp\/v2\/users\/1"}],"replies":[{"embeddable":true,"href":"http:\/\/www.goltasltd.com\/index.php?rest_route=%2Fwp%2Fv2%2Fcomments&post=86"}],"version-history":[{"count":6,"href":"http:\/\/www.goltasltd.com\/index.php?rest_route=\/wp\/v2\/pages\/86\/revisions"}],"predecessor-version":[{"id":358,"href":"http:\/\/www.goltasltd.com\/index.php?rest_route=\/wp\/v2\/pages\/86\/revisions\/358"}],"wp:featuredmedia":[{"embeddable":true,"href":"http:\/\/www.goltasltd.com\/index.php?rest_route=\/wp\/v2\/media\/90"}],"wp:attachment":[{"href":"http:\/\/www.goltasltd.com\/index.php?rest_route=%2Fwp%2Fv2%2Fmedia&parent=86"}],"curies":[{"name":"wp","href":"https:\/\/api.w.org\/{rel}","templated":true}]}}