{"id":9,"date":"2013-01-06T00:01:16","date_gmt":"2013-01-05T22:01:16","guid":{"rendered":"http:\/\/www.goltasltd.com\/?page_id=9"},"modified":"2023-06-06T14:57:21","modified_gmt":"2023-06-06T11:57:21","slug":"iletisim","status":"publish","type":"page","link":"http:\/\/www.goltasltd.com\/?page_id=9","title":{"rendered":"\u0130leti\u015fim"},"content":{"rendered":"<p>Adres \u00a0 :Aziz Mahmut H\u00fcdayi Mh. Tepsi F\u0131r\u0131n Sok. No:3-C \u00dcsk\u00fcdar \/ \u0130stanbul<br \/>\nTel \u00a0 \u00a0 \u00a0 : \u00a00216 334 62 15<br \/>\nE-mail \u00a0: info@goltasltd.com<a href=\"mailto:goltasltd@gmail.com\"><br \/>\n<\/a><\/p>\n<div><\/div>\n<p>Cevdet B\u0130NG\u00d6L \u00a0&#8211; \u0130n\u015faat M\u00fch. \/ Genel Koordinat\u00f6r<\/p>\n<p>GSM : \u00a00532 422 36 72<\/p>\n<p>e-mail :cvbingol@gmail.com<\/p>\n<div><\/div>\n","protected":false},"excerpt":{"rendered":"<p>Adres \u00a0 :Aziz Mahmut H\u00fcdayi Mh. Tepsi F\u0131r\u0131n Sok. No:3-C \u00dcsk\u00fcdar \/ \u0130stanbul Tel \u00a0 \u00a0 \u00a0 : \u00a00216 334 62 15 E-mail \u00a0: info@goltasltd.com Cevdet B\u0130NG\u00d6L \u00a0&#8211; \u0130n\u015faat M\u00fch. \/ Genel Koordinat\u00f6r GSM : \u00a00532 422 36 72 e-mail &hellip; <a href=\"http:\/\/www.goltasltd.com\/?page_id=9\">Okumaya devam et <span class=\"meta-nav\">&rarr;<\/span><\/a><\/p>\n","protected":false},"author":1,"featured_media":10,"parent":0,"menu_order":3,"comment_status":"closed","ping_status":"closed","template":"","meta":[],"_links":{"self":[{"href":"http:\/\/www.goltasltd.com\/index.php?rest_route=\/wp\/v2\/pages\/9"}],"collection":[{"href":"http:\/\/www.goltasltd.com\/index.php?rest_route=\/wp\/v2\/pages"}],"about":[{"href":"http:\/\/www.goltasltd.com\/index.php?rest_route=\/wp\/v2\/types\/page"}],"author":[{"embeddable":true,"href":"http:\/\/www.goltasltd.com\/index.php?rest_route=\/wp\/v2\/users\/1"}],"replies":[{"embeddable":true,"href":"http:\/\/www.goltasltd.com\/index.php?rest_route=%2Fwp%2Fv2%2Fcomments&post=9"}],"version-history":[{"count":15,"href":"http:\/\/www.goltasltd.com\/index.php?rest_route=\/wp\/v2\/pages\/9\/revisions"}],"predecessor-version":[{"id":396,"href":"http:\/\/www.goltasltd.com\/index.php?rest_route=\/wp\/v2\/pages\/9\/revisions\/396"}],"wp:featuredmedia":[{"embeddable":true,"href":"http:\/\/www.goltasltd.com\/index.php?rest_route=\/wp\/v2\/media\/10"}],"wp:attachment":[{"href":"http:\/\/www.goltasltd.com\/index.php?rest_route=%2Fwp%2Fv2%2Fmedia&parent=9"}],"curies":[{"name":"wp","href":"https:\/\/api.w.org\/{rel}","templated":true}]}}